{"id":62,"date":"2026-01-28T12:38:25","date_gmt":"2026-01-28T12:38:25","guid":{"rendered":"https:\/\/tallerrayda.rkinformatika.online\/servicios\/"},"modified":"2026-02-06T16:03:56","modified_gmt":"2026-02-06T16:03:56","slug":"servicios","status":"publish","type":"page","link":"https:\/\/tallerrayda.com\/en\/servicios\/","title":{"rendered":"Services"},"content":{"rendered":"<div data-elementor-type=\"wp-page\" data-elementor-id=\"62\" class=\"elementor elementor-62\" data-elementor-post-type=\"page\">\n\t\t\t\t<div class=\"elementor-element elementor-element-192811c9 e-con-full e-flex e-con e-parent\" data-id=\"192811c9\" data-element_type=\"container\" data-e-type=\"container\" data-settings=\"{&quot;background_background&quot;:&quot;classic&quot;}\">\n\t\t\t\t<div class=\"elementor-element elementor-element-452e2207 elementor-widget elementor-widget-heading\" data-id=\"452e2207\" data-element_type=\"widget\" data-e-type=\"widget\" data-widget_type=\"heading.default\">\n\t\t\t\t\t<h1 class=\"elementor-heading-title elementor-size-default\">Services<\/h1>\t\t\t\t<\/div>\n\t\t\t\t<\/div>\n\t\t<div class=\"elementor-element elementor-element-2d6417bc e-con-full e-flex e-con e-parent\" data-id=\"2d6417bc\" data-element_type=\"container\" data-e-type=\"container\">\n\t\t\t\t<div class=\"elementor-element elementor-element-670ed1ac elementor-absolute elementor-widget elementor-widget-image\" data-id=\"670ed1ac\" data-element_type=\"widget\" data-e-type=\"widget\" data-settings=\"{&quot;_position&quot;:&quot;absolute&quot;}\" data-widget_type=\"image.default\">\n\t\t\t\t\t\t\t\t\t\t\t\t\t\t\t<img fetchpriority=\"high\" decoding=\"async\" width=\"800\" height=\"157\" src=\"https:\/\/tallerrayda.com\/wp-content\/uploads\/2026\/01\/assets-fixn-5-1-scaled-1-1024x201.png\" class=\"attachment-large size-large wp-image-63\" alt=\"\" srcset=\"https:\/\/tallerrayda.com\/wp-content\/uploads\/2026\/01\/assets-fixn-5-1-scaled-1-1024x201.png 1024w, https:\/\/tallerrayda.com\/wp-content\/uploads\/2026\/01\/assets-fixn-5-1-scaled-1-300x59.png 300w, https:\/\/tallerrayda.com\/wp-content\/uploads\/2026\/01\/assets-fixn-5-1-scaled-1-768x151.png 768w, https:\/\/tallerrayda.com\/wp-content\/uploads\/2026\/01\/assets-fixn-5-1-scaled-1-1536x301.png 1536w, https:\/\/tallerrayda.com\/wp-content\/uploads\/2026\/01\/assets-fixn-5-1-scaled-1-2048x402.png 2048w, https:\/\/tallerrayda.com\/wp-content\/uploads\/2026\/01\/assets-fixn-5-1-scaled-1-18x4.png 18w\" sizes=\"(max-width: 800px) 100vw, 800px\" \/>\t\t\t\t\t\t\t\t\t\t\t\t\t\t\t<\/div>\n\t\t<div class=\"elementor-element elementor-element-5011ddec e-con-full e-flex e-con e-child\" data-id=\"5011ddec\" data-element_type=\"container\" data-e-type=\"container\">\n\t\t<div class=\"elementor-element elementor-element-15462256 e-con-full e-flex e-con e-child\" data-id=\"15462256\" data-element_type=\"container\" data-e-type=\"container\">\n\t\t<div class=\"elementor-element elementor-element-34584c7b e-con-full e-flex e-con e-child\" data-id=\"34584c7b\" data-element_type=\"container\" data-e-type=\"container\">\n\t\t<div class=\"elementor-element elementor-element-7b942ed e-con-full e-flex e-con e-child\" data-id=\"7b942ed\" data-element_type=\"container\" data-e-type=\"container\">\n\t\t\t\t<div class=\"elementor-element elementor-element-64cd6513 elementor-widget elementor-widget-text-editor\" data-id=\"64cd6513\" data-element_type=\"widget\" data-e-type=\"widget\" data-widget_type=\"text-editor.default\">\n\t\t\t\t\t\t\t\t\t<p>Nuestros Servicios para tu Veh\u00edculo<\/p>\t\t\t\t\t\t\t\t<\/div>\n\t\t\t\t<div class=\"elementor-element elementor-element-528dd947 elementor-widget elementor-widget-heading\" data-id=\"528dd947\" data-element_type=\"widget\" data-e-type=\"widget\" data-widget_type=\"heading.default\">\n\t\t\t\t\t<h2 class=\"elementor-heading-title elementor-size-default\">Cuidado, mantenimiento y reparaci\u00f3n con precisi\u00f3n y garant\u00eda<\/h2>\t\t\t\t<\/div>\n\t\t\t\t<\/div>\n\t\t<div class=\"elementor-element elementor-element-6cf861c6 e-con-full e-flex e-con e-child\" data-id=\"6cf861c6\" data-element_type=\"container\" data-e-type=\"container\">\n\t\t\t\t<div class=\"elementor-element elementor-element-7b1764c elementor-widget elementor-widget-text-editor\" data-id=\"7b1764c\" data-element_type=\"widget\" data-e-type=\"widget\" data-widget_type=\"text-editor.default\">\n\t\t\t\t\t\t\t\t\t<p>En <strong>Taller Rayda<\/strong> nos encargamos de todo lo que tu coche necesita para funcionar con <strong>seguridad y fiabilidad<\/strong>. Desde diagn\u00f3sticos electr\u00f3nicos avanzados hasta mantenimiento preventivo y reparaciones complejas, trabajamos con <strong>herramientas profesionales <\/strong>y experiencia real en cada intervenci\u00f3n.<\/p>\t\t\t\t\t\t\t\t<\/div>\n\t\t\t\t<\/div>\n\t\t\t\t<\/div>\n\t\t\t\t<\/div>\n\t\t<div class=\"elementor-element elementor-element-4227f3c6 e-con-full e-flex e-con e-child\" data-id=\"4227f3c6\" data-element_type=\"container\" data-e-type=\"container\">\n\t\t<div class=\"elementor-element elementor-element-2a1eef5d e-grid e-con-full e-con e-child\" data-id=\"2a1eef5d\" data-element_type=\"container\" data-e-type=\"container\">\n\t\t<div class=\"elementor-element elementor-element-3f99fcd3 e-con-full e-flex e-con e-child\" data-id=\"3f99fcd3\" data-element_type=\"container\" data-e-type=\"container\" data-settings=\"{&quot;background_background&quot;:&quot;classic&quot;}\">\n\t\t<div class=\"elementor-element elementor-element-1ab1d275 e-con-full e-flex e-con e-child\" data-id=\"1ab1d275\" data-element_type=\"container\" data-e-type=\"container\">\n\t\t<div class=\"elementor-element elementor-element-d3fb4bc e-con-full e-flex e-con e-child\" data-id=\"d3fb4bc\" data-element_type=\"container\" data-e-type=\"container\">\n\t\t\t\t<div class=\"elementor-element elementor-element-d8de70a elementor-view-default elementor-widget elementor-widget-icon\" data-id=\"d8de70a\" data-element_type=\"widget\" data-e-type=\"widget\" data-widget_type=\"icon.default\">\n\t\t\t\t\t\t\t<div class=\"elementor-icon-wrapper\">\n\t\t\t<div class=\"elementor-icon\">\n\t\t\t<i aria-hidden=\"true\" class=\"jki jki-tools-light\"><\/i>\t\t\t<\/div>\n\t\t<\/div>\n\t\t\t\t\t\t<\/div>\n\t\t\t\t<div class=\"elementor-element elementor-element-54c477cb elementor-widget elementor-widget-heading\" data-id=\"54c477cb\" data-element_type=\"widget\" data-e-type=\"widget\" data-widget_type=\"heading.default\">\n\t\t\t\t\t<h2 class=\"elementor-heading-title elementor-size-default\">Reparaciones y Mec\u00e1nica<\/h2>\t\t\t\t<\/div>\n\t\t\t\t<\/div>\n\t\t<div class=\"elementor-element elementor-element-7bacc309 e-con-full e-flex e-con e-child\" data-id=\"7bacc309\" data-element_type=\"container\" data-e-type=\"container\">\n\t\t\t\t<div class=\"elementor-element elementor-element-31951f85 elementor-widget elementor-widget-text-editor\" data-id=\"31951f85\" data-element_type=\"widget\" data-e-type=\"widget\" data-widget_type=\"text-editor.default\">\n\t\t\t\t\t\t\t\t\t<ul><li data-start=\"2366\" data-end=\"2381\"><p data-start=\"2368\" data-end=\"2381\">Transmisiones<\/p><\/li><li data-start=\"2382\" data-end=\"2394\"><p data-start=\"2384\" data-end=\"2394\">Radiadores<\/p><\/li><li data-start=\"2395\" data-end=\"2415\"><p data-start=\"2397\" data-end=\"2415\">Aire acondicionado<\/p><\/li><li data-start=\"2416\" data-end=\"2430\"><p data-start=\"2418\" data-end=\"2430\">Alternadores<\/p><\/li><li data-start=\"2431\" data-end=\"2442\"><p data-start=\"2433\" data-end=\"2442\">Embragues<\/p><\/li><li data-start=\"2443\" data-end=\"2466\"><p data-start=\"2445\" data-end=\"2466\">Alineado de direcci\u00f3n<\/p><\/li><li data-start=\"2467\" data-end=\"2490\"><p data-start=\"2469\" data-end=\"2490\">Optimizaci\u00f3n de motor<\/p><\/li><li data-start=\"2491\" data-end=\"2524\"><p data-start=\"2493\" data-end=\"2524\">Problemas de sobrecalentamiento<\/p><\/li><li data-start=\"2525\" data-end=\"2552\"><p data-start=\"2527\" data-end=\"2552\">Electricidad del veh\u00edculo<\/p><\/li><li data-start=\"2553\" data-end=\"2569\"><p data-start=\"2555\" data-end=\"2569\">Bombas de agua<\/p><\/li><li data-start=\"2570\" data-end=\"2591\"><p data-start=\"2572\" data-end=\"2591\">Bombas de inyecci\u00f3n<\/p><\/li><li data-start=\"2592\" data-end=\"2609\"><p data-start=\"2594\" data-end=\"2609\">Tubos de escape<\/p><\/li><li data-start=\"2610\" data-end=\"2626\"><p data-start=\"2612\" data-end=\"2626\">Amortiguadores<\/p><\/li><li data-start=\"2627\" data-end=\"2635\"><p data-start=\"2629\" data-end=\"2635\">Frenos<\/p><\/li><li data-start=\"2636\" data-end=\"2659\"><p data-start=\"2638\" data-end=\"2659\">Abrillantado de faros<\/p><\/li><\/ul>\t\t\t\t\t\t\t\t<\/div>\n\t\t\t\t<\/div>\n\t\t\t\t<\/div>\n\t\t\t\t<\/div>\n\t\t<div class=\"elementor-element elementor-element-46bfa1bd e-con-full e-flex e-con e-child\" data-id=\"46bfa1bd\" data-element_type=\"container\" data-e-type=\"container\" data-settings=\"{&quot;background_background&quot;:&quot;classic&quot;}\">\n\t\t<div class=\"elementor-element elementor-element-75240df e-con-full e-flex e-con e-child\" data-id=\"75240df\" data-element_type=\"container\" data-e-type=\"container\">\n\t\t<div class=\"elementor-element elementor-element-f4c62bd e-con-full e-flex e-con e-child\" data-id=\"f4c62bd\" data-element_type=\"container\" data-e-type=\"container\">\n\t\t\t\t<div class=\"elementor-element elementor-element-430f3b8 elementor-view-default elementor-widget elementor-widget-icon\" data-id=\"430f3b8\" data-element_type=\"widget\" data-e-type=\"widget\" data-widget_type=\"icon.default\">\n\t\t\t\t\t\t\t<div class=\"elementor-icon-wrapper\">\n\t\t\t<div class=\"elementor-icon\">\n\t\t\t<i aria-hidden=\"true\" class=\"jki jki-tool-line\"><\/i>\t\t\t<\/div>\n\t\t<\/div>\n\t\t\t\t\t\t<\/div>\n\t\t\t\t<div class=\"elementor-element elementor-element-8da4627 elementor-widget elementor-widget-heading\" data-id=\"8da4627\" data-element_type=\"widget\" data-e-type=\"widget\" data-widget_type=\"heading.default\">\n\t\t\t\t\t<h2 class=\"elementor-heading-title elementor-size-default\">Mantenimiento<\/h2>\t\t\t\t<\/div>\n\t\t\t\t<\/div>\n\t\t<div class=\"elementor-element elementor-element-089ca78 e-con-full e-flex e-con e-child\" data-id=\"089ca78\" data-element_type=\"container\" data-e-type=\"container\">\n\t\t\t\t<div class=\"elementor-element elementor-element-fd84baf elementor-widget elementor-widget-text-editor\" data-id=\"fd84baf\" data-element_type=\"widget\" data-e-type=\"widget\" data-widget_type=\"text-editor.default\">\n\t\t\t\t\t\t\t\t\t<ul><li data-start=\"2680\" data-end=\"2698\"><p data-start=\"2682\" data-end=\"2698\">Cambio de aceite<\/p><\/li><li data-start=\"2699\" data-end=\"2719\"><p data-start=\"2701\" data-end=\"2719\">Cambio de l\u00edquidos<\/p><\/li><li data-start=\"2720\" data-end=\"2729\"><p data-start=\"2722\" data-end=\"2729\">Filtros<\/p><\/li><li data-start=\"2730\" data-end=\"2757\"><p data-start=\"2732\" data-end=\"2757\">Equilibrado de neum\u00e1ticos<\/p><\/li><li data-start=\"2758\" data-end=\"2774\"><p data-start=\"2760\" data-end=\"2774\">Puesta a punto<\/p><\/li><li data-start=\"2775\" data-end=\"2798\"><p data-start=\"2777\" data-end=\"2798\">Diagnosis electr\u00f3nica<\/p><\/li><li data-start=\"2799\" data-end=\"2821\"><p data-start=\"2801\" data-end=\"2821\">Revisiones completas<\/p><\/li><li data-start=\"2822\" data-end=\"2849\"><p data-start=\"2824\" data-end=\"2849\">MOT preparation \/ Pre-MOT<\/p><\/li><\/ul>\t\t\t\t\t\t\t\t<\/div>\n\t\t\t\t<\/div>\n\t\t\t\t<\/div>\n\t\t\t\t<\/div>\n\t\t\t\t<\/div>\n\t\t\t\t<\/div>\n\t\t\t\t<\/div>\n\t\t\t\t<\/div>\n\t\t<div class=\"elementor-element elementor-element-775ccdae e-flex e-con-boxed e-con e-parent\" data-id=\"775ccdae\" data-element_type=\"container\" data-e-type=\"container\" data-settings=\"{&quot;background_background&quot;:&quot;classic&quot;}\">\n\t\t\t\t\t<div class=\"e-con-inner\">\n\t\t<div class=\"elementor-element elementor-element-691afbb7 e-con-full e-flex e-con e-child\" data-id=\"691afbb7\" data-element_type=\"container\" data-e-type=\"container\">\n\t\t<div class=\"elementor-element elementor-element-4185d4b4 e-con-full e-flex e-con e-child\" data-id=\"4185d4b4\" data-element_type=\"container\" data-e-type=\"container\">\n\t\t\t\t<div class=\"elementor-element elementor-element-71431c6d elementor-widget elementor-widget-text-editor\" data-id=\"71431c6d\" data-element_type=\"widget\" data-e-type=\"widget\" data-widget_type=\"text-editor.default\">\n\t\t\t\t\t\t\t\t\t<p>Start Caring for Your Vehicle<\/p>\t\t\t\t\t\t\t\t<\/div>\n\t\t\t\t<div class=\"elementor-element elementor-element-43a5d1c elementor-widget elementor-widget-heading\" data-id=\"43a5d1c\" data-element_type=\"widget\" data-e-type=\"widget\" data-widget_type=\"heading.default\">\n\t\t\t\t\t<h2 class=\"elementor-heading-title elementor-size-default\">We are ready to help you<\/h2>\t\t\t\t<\/div>\n\t\t\t\t<\/div>\n\t\t<div class=\"elementor-element elementor-element-5f6277da e-con-full e-flex e-con e-child\" data-id=\"5f6277da\" data-element_type=\"container\" data-e-type=\"container\">\n\t\t\t\t<div class=\"elementor-element elementor-element-4e6cf50c elementor-widget elementor-widget-text-editor\" data-id=\"4e6cf50c\" data-element_type=\"widget\" data-e-type=\"widget\" data-widget_type=\"text-editor.default\">\n\t\t\t\t\t\t\t\t\t<p>Do you need to have your car serviced, maintained, or repaired with a guarantee? Call us or visit our workshop in Puente Tocinos. We'll be happy to assist you and offer the best solution for your vehicle.<\/p>\t\t\t\t\t\t\t\t<\/div>\n\t\t\t\t<\/div>\n\t\t\t\t<div class=\"elementor-element elementor-element-6a5088b elementor-align-center elementor-widget elementor-widget-button\" data-id=\"6a5088b\" data-element_type=\"widget\" data-e-type=\"widget\" data-widget_type=\"button.default\">\n\t\t\t\t\t\t\t\t\t\t<a class=\"elementor-button elementor-button-link elementor-size-sm\" href=\"\/en\/contacto\/\">\n\t\t\t\t\t\t<span class=\"elementor-button-content-wrapper\">\n\t\t\t\t\t\t\t\t\t<span class=\"elementor-button-text\">Contact us<\/span>\n\t\t\t\t\t<\/span>\n\t\t\t\t\t<\/a>\n\t\t\t\t\t\t\t\t<\/div>\n\t\t\t\t<\/div>\n\t\t\t\t\t<\/div>\n\t\t\t\t<\/div>\n\t\t\t\t<\/div>","protected":false},"excerpt":{"rendered":"<p>Servicios Nuestros Servicios para tu Veh\u00edculo Cuidado, mantenimiento y reparaci\u00f3n con precisi\u00f3n y garant\u00eda En Taller Rayda nos encargamos de todo lo que tu coche necesita para funcionar con seguridad y fiabilidad. Desde diagn\u00f3sticos electr\u00f3nicos avanzados hasta mantenimiento preventivo y reparaciones complejas, trabajamos con herramientas profesionales y experiencia real en cada intervenci\u00f3n. Reparaciones y Mec\u00e1nica [&hellip;]<\/p>\n","protected":false},"author":1,"featured_media":0,"parent":0,"menu_order":0,"comment_status":"closed","ping_status":"closed","template":"elementor_canvas","meta":{"footnotes":""},"class_list":["post-62","page","type-page","status-publish","hentry"],"yoast_head":"<!-- This site is optimized with the Yoast SEO plugin v27.5 - https:\/\/yoast.com\/product\/yoast-seo-wordpress\/ -->\n<title>Servicios - Taller Rayda<\/title>\n<meta name=\"robots\" content=\"index, follow, max-snippet:-1, max-image-preview:large, max-video-preview:-1\" \/>\n<link rel=\"canonical\" href=\"https:\/\/tallerrayda.com\/en\/servicios\/\" \/>\n<meta property=\"og:locale\" content=\"en_US\" \/>\n<meta property=\"og:type\" content=\"article\" \/>\n<meta property=\"og:title\" content=\"Servicios - Taller Rayda\" \/>\n<meta property=\"og:description\" content=\"Servicios Nuestros Servicios para tu Veh\u00edculo Cuidado, mantenimiento y reparaci\u00f3n con precisi\u00f3n y garant\u00eda En Taller Rayda nos encargamos de todo lo que tu coche necesita para funcionar con seguridad y fiabilidad. Desde diagn\u00f3sticos electr\u00f3nicos avanzados hasta mantenimiento preventivo y reparaciones complejas, trabajamos con herramientas profesionales y experiencia real en cada intervenci\u00f3n. Reparaciones y Mec\u00e1nica [&hellip;]\" \/>\n<meta property=\"og:url\" content=\"https:\/\/tallerrayda.com\/en\/servicios\/\" \/>\n<meta property=\"og:site_name\" content=\"Taller Rayda\" \/>\n<meta property=\"article:modified_time\" content=\"2026-02-06T16:03:56+00:00\" \/>\n<meta property=\"og:image\" content=\"https:\/\/tallerrayda.com\/wp-content\/uploads\/2026\/01\/assets-fixn-5-1-scaled-1-1024x201.png\" \/>\n<meta name=\"twitter:card\" content=\"summary_large_image\" \/>\n<meta name=\"twitter:label1\" content=\"Est. reading time\" \/>\n\t<meta name=\"twitter:data1\" content=\"1 minute\" \/>\n<script type=\"application\/ld+json\" class=\"yoast-schema-graph\">{\"@context\":\"https:\\\/\\\/schema.org\",\"@graph\":[{\"@type\":\"WebPage\",\"@id\":\"https:\\\/\\\/tallerrayda.com\\\/servicios\\\/\",\"url\":\"https:\\\/\\\/tallerrayda.com\\\/servicios\\\/\",\"name\":\"Servicios - Taller Rayda\",\"isPartOf\":{\"@id\":\"https:\\\/\\\/tallerrayda.com\\\/#website\"},\"primaryImageOfPage\":{\"@id\":\"https:\\\/\\\/tallerrayda.com\\\/servicios\\\/#primaryimage\"},\"image\":{\"@id\":\"https:\\\/\\\/tallerrayda.com\\\/servicios\\\/#primaryimage\"},\"thumbnailUrl\":\"https:\\\/\\\/tallerrayda.com\\\/wp-content\\\/uploads\\\/2026\\\/01\\\/assets-fixn-5-1-scaled-1-1024x201.png\",\"datePublished\":\"2026-01-28T12:38:25+00:00\",\"dateModified\":\"2026-02-06T16:03:56+00:00\",\"breadcrumb\":{\"@id\":\"https:\\\/\\\/tallerrayda.com\\\/servicios\\\/#breadcrumb\"},\"inLanguage\":\"en-US\",\"potentialAction\":[{\"@type\":\"ReadAction\",\"target\":[\"https:\\\/\\\/tallerrayda.com\\\/servicios\\\/\"]}]},{\"@type\":\"ImageObject\",\"inLanguage\":\"en-US\",\"@id\":\"https:\\\/\\\/tallerrayda.com\\\/servicios\\\/#primaryimage\",\"url\":\"https:\\\/\\\/tallerrayda.com\\\/wp-content\\\/uploads\\\/2026\\\/01\\\/assets-fixn-5-1-scaled-1-1024x201.png\",\"contentUrl\":\"https:\\\/\\\/tallerrayda.com\\\/wp-content\\\/uploads\\\/2026\\\/01\\\/assets-fixn-5-1-scaled-1-1024x201.png\"},{\"@type\":\"BreadcrumbList\",\"@id\":\"https:\\\/\\\/tallerrayda.com\\\/servicios\\\/#breadcrumb\",\"itemListElement\":[{\"@type\":\"ListItem\",\"position\":1,\"name\":\"Portada\",\"item\":\"https:\\\/\\\/tallerrayda.com\\\/\"},{\"@type\":\"ListItem\",\"position\":2,\"name\":\"Servicios\"}]},{\"@type\":\"WebSite\",\"@id\":\"https:\\\/\\\/tallerrayda.com\\\/#website\",\"url\":\"https:\\\/\\\/tallerrayda.com\\\/\",\"name\":\"Taller Rayda\",\"description\":\"\",\"publisher\":{\"@id\":\"https:\\\/\\\/tallerrayda.com\\\/#organization\"},\"potentialAction\":[{\"@type\":\"SearchAction\",\"target\":{\"@type\":\"EntryPoint\",\"urlTemplate\":\"https:\\\/\\\/tallerrayda.com\\\/?s={search_term_string}\"},\"query-input\":{\"@type\":\"PropertyValueSpecification\",\"valueRequired\":true,\"valueName\":\"search_term_string\"}}],\"inLanguage\":\"en-US\"},{\"@type\":\"Organization\",\"@id\":\"https:\\\/\\\/tallerrayda.com\\\/#organization\",\"name\":\"Taller Rayda\",\"url\":\"https:\\\/\\\/tallerrayda.com\\\/\",\"logo\":{\"@type\":\"ImageObject\",\"inLanguage\":\"en-US\",\"@id\":\"https:\\\/\\\/tallerrayda.com\\\/#\\\/schema\\\/logo\\\/image\\\/\",\"url\":\"https:\\\/\\\/tallerrayda.com\\\/wp-content\\\/uploads\\\/2026\\\/01\\\/cropped-rayda202511_logo_web.png\",\"contentUrl\":\"https:\\\/\\\/tallerrayda.com\\\/wp-content\\\/uploads\\\/2026\\\/01\\\/cropped-rayda202511_logo_web.png\",\"width\":1080,\"height\":618,\"caption\":\"Taller Rayda\"},\"image\":{\"@id\":\"https:\\\/\\\/tallerrayda.com\\\/#\\\/schema\\\/logo\\\/image\\\/\"}}]}<\/script>\n<!-- \/ Yoast SEO plugin. -->","yoast_head_json":{"title":"Servicios - Taller Rayda","robots":{"index":"index","follow":"follow","max-snippet":"max-snippet:-1","max-image-preview":"max-image-preview:large","max-video-preview":"max-video-preview:-1"},"canonical":"https:\/\/tallerrayda.com\/en\/servicios\/","og_locale":"en_US","og_type":"article","og_title":"Servicios - Taller Rayda","og_description":"Servicios Nuestros Servicios para tu Veh\u00edculo Cuidado, mantenimiento y reparaci\u00f3n con precisi\u00f3n y garant\u00eda En Taller Rayda nos encargamos de todo lo que tu coche necesita para funcionar con seguridad y fiabilidad. Desde diagn\u00f3sticos electr\u00f3nicos avanzados hasta mantenimiento preventivo y reparaciones complejas, trabajamos con herramientas profesionales y experiencia real en cada intervenci\u00f3n. Reparaciones y Mec\u00e1nica [&hellip;]","og_url":"https:\/\/tallerrayda.com\/en\/servicios\/","og_site_name":"Taller Rayda","article_modified_time":"2026-02-06T16:03:56+00:00","og_image":[{"url":"https:\/\/tallerrayda.com\/wp-content\/uploads\/2026\/01\/assets-fixn-5-1-scaled-1-1024x201.png","type":"","width":"","height":""}],"twitter_card":"summary_large_image","twitter_misc":{"Est. reading time":"1 minute"},"schema":{"@context":"https:\/\/schema.org","@graph":[{"@type":"WebPage","@id":"https:\/\/tallerrayda.com\/servicios\/","url":"https:\/\/tallerrayda.com\/servicios\/","name":"Servicios - Taller Rayda","isPartOf":{"@id":"https:\/\/tallerrayda.com\/#website"},"primaryImageOfPage":{"@id":"https:\/\/tallerrayda.com\/servicios\/#primaryimage"},"image":{"@id":"https:\/\/tallerrayda.com\/servicios\/#primaryimage"},"thumbnailUrl":"https:\/\/tallerrayda.com\/wp-content\/uploads\/2026\/01\/assets-fixn-5-1-scaled-1-1024x201.png","datePublished":"2026-01-28T12:38:25+00:00","dateModified":"2026-02-06T16:03:56+00:00","breadcrumb":{"@id":"https:\/\/tallerrayda.com\/servicios\/#breadcrumb"},"inLanguage":"en-US","potentialAction":[{"@type":"ReadAction","target":["https:\/\/tallerrayda.com\/servicios\/"]}]},{"@type":"ImageObject","inLanguage":"en-US","@id":"https:\/\/tallerrayda.com\/servicios\/#primaryimage","url":"https:\/\/tallerrayda.com\/wp-content\/uploads\/2026\/01\/assets-fixn-5-1-scaled-1-1024x201.png","contentUrl":"https:\/\/tallerrayda.com\/wp-content\/uploads\/2026\/01\/assets-fixn-5-1-scaled-1-1024x201.png"},{"@type":"BreadcrumbList","@id":"https:\/\/tallerrayda.com\/servicios\/#breadcrumb","itemListElement":[{"@type":"ListItem","position":1,"name":"Portada","item":"https:\/\/tallerrayda.com\/"},{"@type":"ListItem","position":2,"name":"Servicios"}]},{"@type":"WebSite","@id":"https:\/\/tallerrayda.com\/#website","url":"https:\/\/tallerrayda.com\/","name":"Taller Rayda","description":"","publisher":{"@id":"https:\/\/tallerrayda.com\/#organization"},"potentialAction":[{"@type":"SearchAction","target":{"@type":"EntryPoint","urlTemplate":"https:\/\/tallerrayda.com\/?s={search_term_string}"},"query-input":{"@type":"PropertyValueSpecification","valueRequired":true,"valueName":"search_term_string"}}],"inLanguage":"en-US"},{"@type":"Organization","@id":"https:\/\/tallerrayda.com\/#organization","name":"Taller Rayda","url":"https:\/\/tallerrayda.com\/","logo":{"@type":"ImageObject","inLanguage":"en-US","@id":"https:\/\/tallerrayda.com\/#\/schema\/logo\/image\/","url":"https:\/\/tallerrayda.com\/wp-content\/uploads\/2026\/01\/cropped-rayda202511_logo_web.png","contentUrl":"https:\/\/tallerrayda.com\/wp-content\/uploads\/2026\/01\/cropped-rayda202511_logo_web.png","width":1080,"height":618,"caption":"Taller Rayda"},"image":{"@id":"https:\/\/tallerrayda.com\/#\/schema\/logo\/image\/"}}]}},"_links":{"self":[{"href":"https:\/\/tallerrayda.com\/en\/wp-json\/wp\/v2\/pages\/62","targetHints":{"allow":["GET"]}}],"collection":[{"href":"https:\/\/tallerrayda.com\/en\/wp-json\/wp\/v2\/pages"}],"about":[{"href":"https:\/\/tallerrayda.com\/en\/wp-json\/wp\/v2\/types\/page"}],"author":[{"embeddable":true,"href":"https:\/\/tallerrayda.com\/en\/wp-json\/wp\/v2\/users\/1"}],"replies":[{"embeddable":true,"href":"https:\/\/tallerrayda.com\/en\/wp-json\/wp\/v2\/comments?post=62"}],"version-history":[{"count":22,"href":"https:\/\/tallerrayda.com\/en\/wp-json\/wp\/v2\/pages\/62\/revisions"}],"predecessor-version":[{"id":276,"href":"https:\/\/tallerrayda.com\/en\/wp-json\/wp\/v2\/pages\/62\/revisions\/276"}],"wp:attachment":[{"href":"https:\/\/tallerrayda.com\/en\/wp-json\/wp\/v2\/media?parent=62"}],"curies":[{"name":"wp","href":"https:\/\/api.w.org\/{rel}","templated":true}]}}